{"id":26,"date":"2023-06-10T20:20:33","date_gmt":"2023-06-10T20:20:33","guid":{"rendered":"https:\/\/unioncomercial.com.ar\/sitio\/?page_id=26"},"modified":"2023-06-26T04:42:11","modified_gmt":"2023-06-26T04:42:11","slug":"quienes-somos","status":"publish","type":"page","link":"https:\/\/unioncomercial.com.ar\/sitio\/quienes-somos\/","title":{"rendered":"Quienes Somos"},"content":{"rendered":"\n<p>A lo largo de su historia, la UCC ha sabido contribuir al desarrollo econ\u00f3mico y social de la provincia de manera amplia. Adem\u00e1s del reconocimiento de sus asociados por la defensa de los intereses del comercio, con una destacada inserci\u00f3n en la sociedad catamarque\u00f1a. Esto se debe, por una parte, a la participaci\u00f3n en la vida comunitaria a trav\u00e9s de la articulaci\u00f3n con diferentes instituciones del medio local y, fundamentalmente, a la constante defensa del empleo de calidad para todos los catamarque\u00f1os.<\/p>\n\n\n<a href=\"https:\/\/unioncomercial.com.ar\/sitio\/wp-content\/uploads\/2023\/06\/ucc_decreto.pdf\" class=\"pdfemb-viewer\" style=\"\" data-width=\"max\" data-height=\"max\" data-toolbar=\"bottom\" data-toolbar-fixed=\"off\">ucc_decreto<\/a>\n<p class=\"wp-block-pdfemb-pdf-embedder-viewer\"><\/p>\n","protected":false},"excerpt":{"rendered":"<p>A lo largo de su historia, la UCC ha sabido contribuir al desarrollo econ\u00f3mico y social de la provincia de manera amplia. Adem\u00e1s del reconocimiento de sus asociados por la defensa de los intereses del comercio, con una destacada inserci\u00f3n en la sociedad catamarque\u00f1a. Esto se debe, por una parte, a la participaci\u00f3n en la vida comunitaria a trav\u00e9s de la articulaci\u00f3n con diferentes instituciones del medio local y, fundamentalmente, a la constante defensa del empleo de calidad para todos los catamarque\u00f1os.<\/p>\n","protected":false},"author":2,"featured_media":0,"parent":0,"menu_order":0,"comment_status":"closed","ping_status":"closed","template":"","meta":{"_vp_format_video_url":"","_vp_image_focal_point":[],"footnotes":""},"class_list":["post-26","page","type-page","status-publish","hentry"],"_links":{"self":[{"href":"https:\/\/unioncomercial.com.ar\/sitio\/wp-json\/wp\/v2\/pages\/26","targetHints":{"allow":["GET"]}}],"collection":[{"href":"https:\/\/unioncomercial.com.ar\/sitio\/wp-json\/wp\/v2\/pages"}],"about":[{"href":"https:\/\/unioncomercial.com.ar\/sitio\/wp-json\/wp\/v2\/types\/page"}],"author":[{"embeddable":true,"href":"https:\/\/unioncomercial.com.ar\/sitio\/wp-json\/wp\/v2\/users\/2"}],"replies":[{"embeddable":true,"href":"https:\/\/unioncomercial.com.ar\/sitio\/wp-json\/wp\/v2\/comments?post=26"}],"version-history":[{"count":8,"href":"https:\/\/unioncomercial.com.ar\/sitio\/wp-json\/wp\/v2\/pages\/26\/revisions"}],"predecessor-version":[{"id":355,"href":"https:\/\/unioncomercial.com.ar\/sitio\/wp-json\/wp\/v2\/pages\/26\/revisions\/355"}],"wp:attachment":[{"href":"https:\/\/unioncomercial.com.ar\/sitio\/wp-json\/wp\/v2\/media?parent=26"}],"curies":[{"name":"wp","href":"https:\/\/api.w.org\/{rel}","templated":true}]}}