{"id":34,"date":"2023-06-10T20:22:20","date_gmt":"2023-06-10T20:22:20","guid":{"rendered":"https:\/\/unioncomercial.com.ar\/sitio\/?page_id=34"},"modified":"2023-11-28T15:11:45","modified_gmt":"2023-11-28T15:11:45","slug":"nuestros-socios","status":"publish","type":"page","link":"https:\/\/unioncomercial.com.ar\/sitio\/nuestros-socios\/","title":{"rendered":"Nuestros Socios"},"content":{"rendered":"\n<p>Consult\u00e1 el listado de los comercios de nuestros socios, esta organizados en rubros para que te resulte m\u00e1s sencilla la consulta, adem\u00e1s tenes disponible el buscador para que encuentre m\u00e1s facilmente lo que buscas.<\/p>\n\n\n\n<iframe src=\"https:\/\/unioncomercial.com.ar\/uccsociosweb\/ComerciosList?recperpage=ALL\" width=\"100%\" height=\"600\"><\/iframe>\n\n\n\n<figure class=\"wp-block-image size-full\"><a href=\"https:\/\/unioncomercial.com.ar\/sitio\/mapa-de-comercios\/\"><img fetchpriority=\"high\" decoding=\"async\" width=\"790\" height=\"150\" src=\"https:\/\/unioncomercial.com.ar\/sitio\/wp-content\/uploads\/2023\/06\/mdcucc.png\" alt=\"\" class=\"wp-image-123\" srcset=\"https:\/\/unioncomercial.com.ar\/sitio\/wp-content\/uploads\/2023\/06\/mdcucc.png 790w, https:\/\/unioncomercial.com.ar\/sitio\/wp-content\/uploads\/2023\/06\/mdcucc-300x57.png 300w, https:\/\/unioncomercial.com.ar\/sitio\/wp-content\/uploads\/2023\/06\/mdcucc-768x146.png 768w\" sizes=\"(max-width: 790px) 100vw, 790px\" \/><\/a><\/figure>\n","protected":false},"excerpt":{"rendered":"<p>Consult\u00e1 el listado de los comercios de nuestros socios, esta organizados en rubros para que te resulte m\u00e1s sencilla la consulta, adem\u00e1s tenes disponible el buscador para que encuentre m\u00e1s facilmente lo que buscas.<\/p>\n","protected":false},"author":2,"featured_media":0,"parent":0,"menu_order":0,"comment_status":"closed","ping_status":"closed","template":"","meta":{"_vp_format_video_url":"","_vp_image_focal_point":[],"footnotes":""},"class_list":["post-34","page","type-page","status-publish","hentry"],"_links":{"self":[{"href":"https:\/\/unioncomercial.com.ar\/sitio\/wp-json\/wp\/v2\/pages\/34","targetHints":{"allow":["GET"]}}],"collection":[{"href":"https:\/\/unioncomercial.com.ar\/sitio\/wp-json\/wp\/v2\/pages"}],"about":[{"href":"https:\/\/unioncomercial.com.ar\/sitio\/wp-json\/wp\/v2\/types\/page"}],"author":[{"embeddable":true,"href":"https:\/\/unioncomercial.com.ar\/sitio\/wp-json\/wp\/v2\/users\/2"}],"replies":[{"embeddable":true,"href":"https:\/\/unioncomercial.com.ar\/sitio\/wp-json\/wp\/v2\/comments?post=34"}],"version-history":[{"count":9,"href":"https:\/\/unioncomercial.com.ar\/sitio\/wp-json\/wp\/v2\/pages\/34\/revisions"}],"predecessor-version":[{"id":581,"href":"https:\/\/unioncomercial.com.ar\/sitio\/wp-json\/wp\/v2\/pages\/34\/revisions\/581"}],"wp:attachment":[{"href":"https:\/\/unioncomercial.com.ar\/sitio\/wp-json\/wp\/v2\/media?parent=34"}],"curies":[{"name":"wp","href":"https:\/\/api.w.org\/{rel}","templated":true}]}}