{"id":54,"date":"2023-06-10T21:17:31","date_gmt":"2023-06-10T21:17:31","guid":{"rendered":"https:\/\/unioncomercial.com.ar\/sitio\/?page_id=54"},"modified":"2023-06-10T21:17:31","modified_gmt":"2023-06-10T21:17:31","slug":"jovenes","status":"publish","type":"page","link":"https:\/\/unioncomercial.com.ar\/sitio\/jovenes\/","title":{"rendered":"J\u00f3venes"},"content":{"rendered":"<div class=\"wp-block-image\">\n<figure class=\"alignright\"><a href=\"https:\/\/uccjoven.com.ar\/\"><img decoding=\"async\" src=\"https:\/\/unioncomercial.com.ar\/wp-content\/uploads\/2021\/12\/Logo-jovenes-empresarios-e1640276723378.png\" alt=\"\" class=\"wp-image-223\"\/><\/a><\/figure>\n<\/div>\n\n\n<h2 class=\"wp-block-heading\" id=\"que-hacemos\">Que Hacemos<\/h2>\n\n\n\n<p>Somos Representamos a los j\u00f3venes empresarios y les bridamos herramientas que potencien sus negocios y su vida profesional. Ofrecemos un espacio de interacci\u00f3n y di\u00e1logo, orientado al debate de propuestas que posibiliten el progreso de las Pymes y la creaci\u00f3n de nuevas empresas j\u00f3venes en la Provincia de Catamarca.<\/p>\n\n\n\n<p><\/p>\n\n\n\n<p><\/p>\n\n\n\n<h2 class=\"wp-block-heading\" id=\"que-hacemos\">Objetivos<\/h2>\n\n\n\n<ul class=\"wp-block-list\">\n<li>Formar l\u00edderes \u00edntegros y entusiastas que representen los intereses de los j\u00f3venes empresarios e influyan en la toma de decisiones de pol\u00edticas p\u00fablicas y privadas, impulsando de esta forma el desarrollo econ\u00f3mico y productivo local.<\/li>\n\n\n\n<li>Aspiramos a generar ramas j\u00f3venes dentro de las entidades representadas por Uni\u00f3n Comercial Catamarca.<\/li>\n<\/ul>\n","protected":false},"excerpt":{"rendered":"<p>Que Hacemos Somos Representamos a los j\u00f3venes empresarios y les bridamos herramientas que potencien sus negocios y su vida profesional. Ofrecemos un espacio de interacci\u00f3n y di\u00e1logo, orientado al debate de propuestas que posibiliten el progreso de las Pymes y la creaci\u00f3n de nuevas empresas j\u00f3venes en la Provincia de Catamarca. Objetivos<\/p>\n","protected":false},"author":2,"featured_media":0,"parent":0,"menu_order":0,"comment_status":"closed","ping_status":"closed","template":"","meta":{"_vp_format_video_url":"","_vp_image_focal_point":[],"footnotes":""},"class_list":["post-54","page","type-page","status-publish","hentry"],"_links":{"self":[{"href":"https:\/\/unioncomercial.com.ar\/sitio\/wp-json\/wp\/v2\/pages\/54","targetHints":{"allow":["GET"]}}],"collection":[{"href":"https:\/\/unioncomercial.com.ar\/sitio\/wp-json\/wp\/v2\/pages"}],"about":[{"href":"https:\/\/unioncomercial.com.ar\/sitio\/wp-json\/wp\/v2\/types\/page"}],"author":[{"embeddable":true,"href":"https:\/\/unioncomercial.com.ar\/sitio\/wp-json\/wp\/v2\/users\/2"}],"replies":[{"embeddable":true,"href":"https:\/\/unioncomercial.com.ar\/sitio\/wp-json\/wp\/v2\/comments?post=54"}],"version-history":[{"count":1,"href":"https:\/\/unioncomercial.com.ar\/sitio\/wp-json\/wp\/v2\/pages\/54\/revisions"}],"predecessor-version":[{"id":55,"href":"https:\/\/unioncomercial.com.ar\/sitio\/wp-json\/wp\/v2\/pages\/54\/revisions\/55"}],"wp:attachment":[{"href":"https:\/\/unioncomercial.com.ar\/sitio\/wp-json\/wp\/v2\/media?parent=54"}],"curies":[{"name":"wp","href":"https:\/\/api.w.org\/{rel}","templated":true}]}}